{"id":127531,"date":"2025-09-04T11:34:21","date_gmt":"2025-09-04T09:34:21","guid":{"rendered":"https:\/\/jupitersport.cat\/?page_id=127531"},"modified":"2025-09-18T12:56:09","modified_gmt":"2025-09-18T10:56:09","slug":"app","status":"publish","type":"page","link":"https:\/\/jupitersport.cat\/es\/app\/","title":{"rendered":"APP &#8211; CEM J\u00fapiter"},"content":{"rendered":"\t\t<div data-elementor-type=\"wp-page\" data-elementor-id=\"127531\" class=\"elementor elementor-127531 elementor-127505\" data-elementor-post-type=\"page\">\n\t\t\t\t<div class=\"elementor-element elementor-element-219966f4 e-con-full full-width e-flex e-con e-parent\" data-id=\"219966f4\" data-element_type=\"container\" data-e-type=\"container\" data-settings=\"{&quot;background_background&quot;:&quot;classic&quot;}\">\n\t\t<div class=\"elementor-element elementor-element-94e954e e-con-full e-flex e-con e-child\" data-id=\"94e954e\" data-element_type=\"container\" data-e-type=\"container\" data-settings=\"{&quot;background_background&quot;:&quot;classic&quot;}\">\n\t\t\t\t<div class=\"elementor-element elementor-element-13e68910 elementor-widget elementor-widget-heading\" data-id=\"13e68910\" data-element_type=\"widget\" data-e-type=\"widget\" data-widget_type=\"heading.default\">\n\t\t\t\t<div class=\"elementor-widget-container\">\n\t\t\t\t\t<h1 class=\"elementor-heading-title elementor-size-default\"><span style=\"font-family: Roboto, Helvetica, Arial, Verdana, sans-serif\">App<\/span> CET10 J\u00fapiter<\/h1>\t\t\t\t<\/div>\n\t\t\t\t<\/div>\n\t\t\t\t<\/div>\n\t\t\t\t<\/div>\n\t\t\t\t<section class=\"elementor-section elementor-top-section elementor-element elementor-element-da4bb48 elementor-section-full_width elementor-section-height-default elementor-section-height-default\" data-id=\"da4bb48\" data-element_type=\"section\" data-e-type=\"section\" id=\"app\" data-settings=\"{&quot;background_background&quot;:&quot;classic&quot;}\">\n\t\t\t\t\t\t\t<div class=\"elementor-background-overlay\"><\/div>\n\t\t\t\t\t\t\t<div class=\"elementor-container elementor-column-gap-default\">\n\t\t\t\t\t<div class=\"elementor-column elementor-col-50 elementor-top-column elementor-element elementor-element-3e0577fc\" data-id=\"3e0577fc\" data-element_type=\"column\" data-e-type=\"column\">\n\t\t\t<div class=\"elementor-widget-wrap elementor-element-populated\">\n\t\t\t\t\t\t<div class=\"elementor-element elementor-element-a4ae73 elementor-widget elementor-widget-heading\" data-id=\"a4ae73\" data-element_type=\"widget\" data-e-type=\"widget\" data-widget_type=\"heading.default\">\n\t\t\t\t<div class=\"elementor-widget-container\">\n\t\t\t\t\t<h2 class=\"elementor-heading-title elementor-size-default\">Conoce lo que te ofrece la App<\/h2>\t\t\t\t<\/div>\n\t\t\t\t<\/div>\n\t\t\t\t<div class=\"elementor-element elementor-element-1d6c58ef elementor-widget elementor-widget-text-editor\" data-id=\"1d6c58ef\" data-element_type=\"widget\" data-e-type=\"widget\" data-widget_type=\"text-editor.default\">\n\t\t\t\t<div class=\"elementor-widget-container\">\n\t\t\t\t\t\t\t\t\t<p>En esta aplicaci\u00f3n, encontrar\u00e1s nuevas maneras de entrenar y de registrar tu actividad, adem\u00e1s de tener a mano las gestiones del d\u00eda a d\u00eda:<\/p>\t\t\t\t\t\t\t\t<\/div>\n\t\t\t\t<\/div>\n\t\t\t\t<div class=\"elementor-element elementor-element-6c721c0f elementor-icon-list--layout-traditional elementor-list-item-link-full_width elementor-widget elementor-widget-icon-list\" data-id=\"6c721c0f\" data-element_type=\"widget\" data-e-type=\"widget\" data-widget_type=\"icon-list.default\">\n\t\t\t\t<div class=\"elementor-widget-container\">\n\t\t\t\t\t\t\t<ul class=\"elementor-icon-list-items\">\n\t\t\t\t\t\t\t<li class=\"elementor-icon-list-item\">\n\t\t\t\t\t\t\t\t\t\t\t<span class=\"elementor-icon-list-icon\">\n\t\t\t\t\t\t\t<i aria-hidden=\"true\" class=\"fas fa-chevron-circle-right\"><\/i>\t\t\t\t\t\t<\/span>\n\t\t\t\t\t\t\t\t\t\t<span class=\"elementor-icon-list-text\"><strong>Reserva de clases:&nbsp;<\/strong>ya no tendr\u00e1s que hacerlo en el \u00e1rea de clientes de la web, el proceso te ser\u00e1 mucho m\u00e1s r\u00e1pido.<\/span>\n\t\t\t\t\t\t\t\t\t<\/li>\n\t\t\t\t\t\t\t\t<li class=\"elementor-icon-list-item\">\n\t\t\t\t\t\t\t\t\t\t\t<span class=\"elementor-icon-list-icon\">\n\t\t\t\t\t\t\t<i aria-hidden=\"true\" class=\"fas fa-chevron-circle-right\"><\/i>\t\t\t\t\t\t<\/span>\n\t\t\t\t\t\t\t\t\t\t<span class=\"elementor-icon-list-text\"><strong>Registra tus entrenamientos:<\/strong>\u00a0podr\u00e1s ver tu programa de ejercicios, guardarlo y repetirlo cuando quieras.<\/span>\n\t\t\t\t\t\t\t\t\t<\/li>\n\t\t\t\t\t\t\t\t<li class=\"elementor-icon-list-item\">\n\t\t\t\t\t\t\t\t\t\t\t<span class=\"elementor-icon-list-icon\">\n\t\t\t\t\t\t\t<i aria-hidden=\"true\" class=\"fas fa-chevron-circle-right\"><\/i>\t\t\t\t\t\t<\/span>\n\t\t\t\t\t\t\t\t\t\t<span class=\"elementor-icon-list-text\"><strong>Conocer tu edad biol\u00f3gica:&nbsp;<\/strong>sabr\u00e1s tu estado de forma y qu\u00e9 parte de tu cuerpo tienes que potenciar m\u00e1s.<\/span>\n\t\t\t\t\t\t\t\t\t<\/li>\n\t\t\t\t\t\t<\/ul>\n\t\t\t\t\t\t<\/div>\n\t\t\t\t<\/div>\n\t\t\t\t<div class=\"elementor-element elementor-element-288e8aa elementor-widget elementor-widget-text-editor\" data-id=\"288e8aa\" data-element_type=\"widget\" data-e-type=\"widget\" data-widget_type=\"text-editor.default\">\n\t\t\t\t<div class=\"elementor-widget-container\">\n\t\t\t\t\t\t\t\t\t<p>Tambi\u00e9n podr\u00e1s participar en <strong>retos, realizar tr\u00e1mites administrativos y vincularla a otras apps deportivas.<\/strong><\/p>\t\t\t\t\t\t\t\t<\/div>\n\t\t\t\t<\/div>\n\t\t<div class=\"elementor-element elementor-element-6395c048 e-flex e-con-boxed e-con e-parent\" data-id=\"6395c048\" data-element_type=\"container\" data-e-type=\"container\">\n\t\t\t\t\t<div class=\"e-con-inner\">\n\t\t<div class=\"elementor-element elementor-element-55e59d6a e-con-full e-flex e-con e-child\" data-id=\"55e59d6a\" data-element_type=\"container\" data-e-type=\"container\" data-settings=\"{&quot;background_background&quot;:&quot;classic&quot;}\">\n\t\t\t\t<div class=\"elementor-element elementor-element-5e928f4b elementor-view-default elementor-widget elementor-widget-icon\" data-id=\"5e928f4b\" data-element_type=\"widget\" data-e-type=\"widget\" data-widget_type=\"icon.default\">\n\t\t\t\t<div class=\"elementor-widget-container\">\n\t\t\t\t\t\t\t<div class=\"elementor-icon-wrapper\">\n\t\t\t<div class=\"elementor-icon\">\n\t\t\t<i aria-hidden=\"true\" class=\"fas fa-info-circle\"><\/i>\t\t\t<\/div>\n\t\t<\/div>\n\t\t\t\t\t\t<\/div>\n\t\t\t\t<\/div>\n\t\t\t\t<div class=\"elementor-element elementor-element-5f37509f elementor-widget elementor-widget-heading\" data-id=\"5f37509f\" data-element_type=\"widget\" data-e-type=\"widget\" data-widget_type=\"heading.default\">\n\t\t\t\t<div class=\"elementor-widget-container\">\n\t\t\t\t\t<p class=\"elementor-heading-title elementor-size-default\"><strong>Aviso importante:<\/strong> tendr\u00e1s que registrarte con el mismo correo electr\u00f3nico que diste al club en el momento del alta. Si tienes dudas, cons\u00faltanos en recepci\u00f3n y te ayudaremos.<\/p>\t\t\t\t<\/div>\n\t\t\t\t<\/div>\n\t\t\t\t<\/div>\n\t\t\t\t\t<\/div>\n\t\t\t\t<\/div>\n\t\t\t\t<div class=\"elementor-element elementor-element-7ecce41 elementor-widget elementor-widget-text-editor\" data-id=\"7ecce41\" data-element_type=\"widget\" data-e-type=\"widget\" data-widget_type=\"text-editor.default\">\n\t\t\t\t<div class=\"elementor-widget-container\">\n\t\t\t\t\t\t\t\t\t<span style=\"font-size: 14pt;\"><strong>\u00a1DESC\u00c1RGATE NUESTRA APP GRATIS Y EN SOLO 1 MINUTO!<\/strong><\/span>\t\t\t\t\t\t\t\t<\/div>\n\t\t\t\t<\/div>\n\t\t\t\t<section class=\"elementor-section elementor-inner-section elementor-element elementor-element-3e8ae8ca elementor-section-boxed elementor-section-height-default elementor-section-height-default\" data-id=\"3e8ae8ca\" data-element_type=\"section\" data-e-type=\"section\">\n\t\t\t\t\t\t<div class=\"elementor-container elementor-column-gap-default\">\n\t\t\t\t\t<div class=\"elementor-column elementor-col-50 elementor-inner-column elementor-element elementor-element-452fe799\" data-id=\"452fe799\" data-element_type=\"column\" data-e-type=\"column\">\n\t\t\t<div class=\"elementor-widget-wrap elementor-element-populated\">\n\t\t\t\t\t\t<div class=\"elementor-element elementor-element-3cc07c1a elementor-widget-mobile__width-inherit elementor-widget elementor-widget-image\" data-id=\"3cc07c1a\" data-element_type=\"widget\" data-e-type=\"widget\" data-widget_type=\"image.default\">\n\t\t\t\t<div class=\"elementor-widget-container\">\n\t\t\t\t\t\t\t\t\t\t\t\t\t\t\t\t<a href=\"https:\/\/apps.apple.com\/es\/app\/cet10-with-you\/id1596110122\">\n\t\t\t\t\t\t\t<img decoding=\"async\" src=\"https:\/\/jupitersport.cat\/wp-content\/uploads\/sites\/33\/elementor\/thumbs\/app-mobil-app-store-malilla-rb96cnpvc34h627q7fmjf3mohutacci1xgiloik120.jpg\" title=\"app-mobil-app-store-malilla.jpg\" alt=\"app-mobil-app-store-malilla.jpg\" loading=\"lazy\" \/>\t\t\t\t\t\t\t\t<\/a>\n\t\t\t\t\t\t\t\t\t\t\t\t\t\t\t<\/div>\n\t\t\t\t<\/div>\n\t\t\t\t\t<\/div>\n\t\t<\/div>\n\t\t\t\t<div class=\"elementor-column elementor-col-50 elementor-inner-column elementor-element elementor-element-7a2b59da\" data-id=\"7a2b59da\" data-element_type=\"column\" data-e-type=\"column\">\n\t\t\t<div class=\"elementor-widget-wrap elementor-element-populated\">\n\t\t\t\t\t\t<div class=\"elementor-element elementor-element-3baf1bfd elementor-widget-mobile__width-inherit elementor-widget elementor-widget-image\" data-id=\"3baf1bfd\" data-element_type=\"widget\" data-e-type=\"widget\" data-widget_type=\"image.default\">\n\t\t\t\t<div class=\"elementor-widget-container\">\n\t\t\t\t\t\t\t\t\t\t\t\t\t\t\t\t<a href=\"https:\/\/play.google.com\/store\/apps\/details?id=com.netpulse.mobile.jupitersport\">\n\t\t\t\t\t\t\t<img decoding=\"async\" src=\"https:\/\/jupitersport.cat\/wp-content\/uploads\/sites\/33\/elementor\/thumbs\/google-play-cet10-jupiter-rb96cnpvc34h627q7fmjf3mohutacci1xgiloik120.gif\" title=\"google-play-cet10-jupiter.gif\" alt=\"google-play-cet10-jupiter.gif\" loading=\"lazy\" \/>\t\t\t\t\t\t\t\t<\/a>\n\t\t\t\t\t\t\t\t\t\t\t\t\t\t\t<\/div>\n\t\t\t\t<\/div>\n\t\t\t\t\t<\/div>\n\t\t<\/div>\n\t\t\t\t\t<\/div>\n\t\t<\/section>\n\t\t\t\t\t<\/div>\n\t\t<\/div>\n\t\t\t\t<div class=\"elementor-column elementor-col-50 elementor-top-column elementor-element elementor-element-591a4457\" data-id=\"591a4457\" data-element_type=\"column\" data-e-type=\"column\">\n\t\t\t<div class=\"elementor-widget-wrap elementor-element-populated\">\n\t\t\t\t\t\t<div class=\"elementor-element elementor-element-6e9f1213 elementor-arrows-position-inside elementor-pagination-position-outside elementor-widget elementor-widget-image-carousel\" data-id=\"6e9f1213\" data-element_type=\"widget\" data-e-type=\"widget\" data-settings=\"{&quot;slides_to_show&quot;:&quot;1&quot;,&quot;navigation&quot;:&quot;both&quot;,&quot;autoplay&quot;:&quot;yes&quot;,&quot;pause_on_hover&quot;:&quot;yes&quot;,&quot;pause_on_interaction&quot;:&quot;yes&quot;,&quot;autoplay_speed&quot;:5000,&quot;effect&quot;:&quot;slide&quot;,&quot;speed&quot;:500}\" data-widget_type=\"image-carousel.default\">\n\t\t\t\t<div class=\"elementor-widget-container\">\n\t\t\t\t\t\t\t<div class=\"elementor-image-carousel-wrapper swiper\" role=\"region\" aria-roledescription=\"carousel\" aria-label=\"Carrusel de im\u00e1genes\" dir=\"ltr\">\n\t\t\t<div class=\"elementor-image-carousel swiper-wrapper swiper-image-stretch\" aria-live=\"off\">\n\t\t\t\t\t\t\t\t<div class=\"swiper-slide\" role=\"group\" aria-roledescription=\"slide\" aria-label=\"1 de 4\"><figure class=\"swiper-slide-inner\"><img decoding=\"async\" class=\"swiper-slide-image\" src=\"https:\/\/jupitersport.cat\/wp-content\/uploads\/sites\/33\/2025\/09\/app-cet10-jupiter-4.jpg\" alt=\"app-cet10-jupiter-4.jpg\" \/><\/figure><\/div><div class=\"swiper-slide\" role=\"group\" aria-roledescription=\"slide\" aria-label=\"2 de 4\"><figure class=\"swiper-slide-inner\"><img decoding=\"async\" class=\"swiper-slide-image\" src=\"https:\/\/jupitersport.cat\/wp-content\/uploads\/sites\/33\/2025\/09\/app-cet10-jupiter-6.jpg\" alt=\"app-cet10-jupiter-6.jpg\" \/><\/figure><\/div><div class=\"swiper-slide\" role=\"group\" aria-roledescription=\"slide\" aria-label=\"3 de 4\"><figure class=\"swiper-slide-inner\"><img decoding=\"async\" class=\"swiper-slide-image\" src=\"https:\/\/jupitersport.cat\/wp-content\/uploads\/sites\/33\/2022\/05\/app-cet10-jupiter-5-250x444-1.jpg\" alt=\"Imatge app\" \/><\/figure><\/div><div class=\"swiper-slide\" role=\"group\" aria-roledescription=\"slide\" aria-label=\"4 de 4\"><figure class=\"swiper-slide-inner\"><img decoding=\"async\" class=\"swiper-slide-image\" src=\"https:\/\/jupitersport.cat\/wp-content\/uploads\/sites\/33\/2022\/05\/app-cet10-jupiter-3-250x444-1.jpg\" alt=\"Imatge app\" \/><\/figure><\/div>\t\t\t<\/div>\n\t\t\t\t\t\t\t\t\t\t\t\t<div class=\"elementor-swiper-button elementor-swiper-button-prev\" role=\"button\" tabindex=\"0\">\n\t\t\t\t\t\t<i aria-hidden=\"true\" class=\"eicon-chevron-left\"><\/i>\t\t\t\t\t<\/div>\n\t\t\t\t\t<div class=\"elementor-swiper-button elementor-swiper-button-next\" role=\"button\" tabindex=\"0\">\n\t\t\t\t\t\t<i aria-hidden=\"true\" class=\"eicon-chevron-right\"><\/i>\t\t\t\t\t<\/div>\n\t\t\t\t\n\t\t\t\t\t\t\t\t\t<div class=\"swiper-pagination\"><\/div>\n\t\t\t\t\t\t\t\t\t<\/div>\n\t\t\t\t\t\t<\/div>\n\t\t\t\t<\/div>\n\t\t\t\t\t<\/div>\n\t\t<\/div>\n\t\t\t\t\t<\/div>\n\t\t<\/section>\n\t\t<div class=\"elementor-element elementor-element-31db9915 e-con-fit e-flex e-con e-parent\" data-id=\"31db9915\" data-element_type=\"container\" data-e-type=\"container\" data-settings=\"{&quot;position&quot;:&quot;fixed&quot;}\">\n\t\t\t\t<div class=\"elementor-element elementor-element-3352c849 elementor-view-default elementor-widget elementor-widget-icon\" data-id=\"3352c849\" data-element_type=\"widget\" data-e-type=\"widget\" data-widget_type=\"icon.default\">\n\t\t\t\t<div class=\"elementor-widget-container\">\n\t\t\t\t\t\t\t<div class=\"elementor-icon-wrapper\">\n\t\t\t<a class=\"elementor-icon\" href=\"https:\/\/api.whatsapp.com\/send?phone=34656845537\">\n\t\t\t<svg xmlns=\"http:\/\/www.w3.org\/2000\/svg\" xmlns:xlink=\"http:\/\/www.w3.org\/1999\/xlink\" id=\"Layer_1\" style=\"enable-background:new 0 0 1000 1000;\" viewBox=\"0 0 1000 1000\" xml:space=\"preserve\"><style type=\"text\/css\">\t.st0{fill:#25D366;}\t.st1{fill-rule:evenodd;clip-rule:evenodd;fill:#FFFFFF;}<\/style><title><\/title><g><path class=\"st0\" d=\"M500,1000L500,1000C223.9,1000,0,776.1,0,500v0C0,223.9,223.9,0,500,0h0c276.1,0,500,223.9,500,500v0   C1000,776.1,776.1,1000,500,1000z\"><\/path><g><g id=\"WA_Logo\"><g><path class=\"st1\" d=\"M733.9,267.2c-62-62.1-144.6-96.3-232.5-96.4c-181.1,0-328.6,147.4-328.6,328.6      c0,57.9,15.1,114.5,43.9,164.3L170.1,834l174.2-45.7c48,26.2,102,40,157,40h0.1c0,0,0,0,0,0c181.1,0,328.5-147.4,328.6-328.6      C830.1,411.9,796,329.3,733.9,267.2z M501.5,772.8h-0.1c-49,0-97.1-13.2-139-38.1l-10-5.9L249,755.9l27.6-100.8l-6.5-10.3      c-27.3-43.5-41.8-93.7-41.8-145.4c0.1-150.6,122.6-273.1,273.3-273.1c73,0,141.5,28.5,193.1,80.1c51.6,51.6,80,120.3,79.9,193.2      C774.6,650.3,652,772.8,501.5,772.8z M651.3,568.2c-8.2-4.1-48.6-24-56.1-26.7c-7.5-2.7-13-4.1-18.5,4.1      c-5.5,8.2-21.2,26.7-26,32.2c-4.8,5.5-9.6,6.2-17.8,2.1c-8.2-4.1-34.7-12.8-66-40.8c-24.4-21.8-40.9-48.7-45.7-56.9      c-4.8-8.2-0.5-12.7,3.6-16.8c3.7-3.7,8.2-9.6,12.3-14.4c4.1-4.8,5.5-8.2,8.2-13.7c2.7-5.5,1.4-10.3-0.7-14.4      c-2.1-4.1-18.5-44.5-25.3-61c-6.7-16-13.4-13.8-18.5-14.1c-4.8-0.2-10.3-0.3-15.7-0.3c-5.5,0-14.4,2.1-21.9,10.3      c-7.5,8.2-28.7,28.1-28.7,68.5c0,40.4,29.4,79.5,33.5,84.9c4.1,5.5,57.9,88.4,140.3,124c19.6,8.5,34.9,13.5,46.8,17.3      c19.7,6.3,37.6,5.4,51.7,3.3c15.8-2.4,48.6-19.9,55.4-39c6.8-19.2,6.8-35.6,4.8-39C665,574.4,659.5,572.4,651.3,568.2z\"><\/path><\/g><\/g><\/g><\/g><\/svg>\t\t\t<\/a>\n\t\t<\/div>\n\t\t\t\t\t\t<\/div>\n\t\t\t\t<\/div>\n\t\t\t\t<\/div>\n\t\t\t\t<\/div>\n\t\t","protected":false},"excerpt":{"rendered":"<p>App CET10 J\u00fapiter Conoce lo que te ofrece la App En esta aplicaci\u00f3n, encontrar\u00e1s nuevas maneras de entrenar y de registrar tu actividad, adem\u00e1s de tener a mano las gestiones del d\u00eda a d\u00eda: Reserva de clases:&nbsp;ya no tendr\u00e1s que hacerlo en el \u00e1rea de clientes de la web, el proceso te ser\u00e1 mucho m\u00e1s&hellip;<\/p>\n","protected":false},"author":88,"featured_media":0,"parent":0,"menu_order":0,"comment_status":"closed","ping_status":"closed","template":"","meta":{"footnotes":""},"class_list":["post-127531","page","type-page","status-publish","hentry"],"yoast_head":"<!-- This site is optimized with the Yoast SEO plugin v26.8 - https:\/\/yoast.com\/product\/yoast-seo-wordpress\/ -->\n<title>Nueva app CET10 J\u00fapiter: \u00a1tu gimnasio en el bolsillo!<\/title>\n<meta name=\"description\" content=\"Desc\u00e1rgate nuestra app para llevar el CEM J\u00fapiter en el bolsillo: reserva de clases, entrenamientos, gimnasio online y \u00a1mucho m\u00e1s!\" \/>\n<meta name=\"robots\" content=\"index, follow, max-snippet:-1, max-image-preview:large, max-video-preview:-1\" \/>\n<link rel=\"canonical\" href=\"https:\/\/jupitersport.cat\/es\/app\/\" \/>\n<meta property=\"og:locale\" content=\"es_ES\" \/>\n<meta property=\"og:type\" content=\"article\" \/>\n<meta property=\"og:title\" content=\"Nueva app CET10 J\u00fapiter: \u00a1tu gimnasio en el bolsillo!\" \/>\n<meta property=\"og:description\" content=\"Desc\u00e1rgate nuestra app para llevar el CEM J\u00fapiter en el bolsillo: reserva de clases, entrenamientos, gimnasio online y \u00a1mucho m\u00e1s!\" \/>\n<meta property=\"og:url\" content=\"https:\/\/jupitersport.cat\/es\/app\/\" \/>\n<meta property=\"og:site_name\" content=\"CEM J\u00fapiter\" \/>\n<meta property=\"article:modified_time\" content=\"2025-09-18T10:56:09+00:00\" \/>\n<meta property=\"og:image\" content=\"https:\/\/jupitersport.cat\/wp-content\/uploads\/sites\/33\/elementor\/thumbs\/app-mobil-app-store-malilla-rb96cnpvc34h627q7fmjf3mohutacci1xgiloik120.jpg\" \/>\n<meta name=\"twitter:card\" content=\"summary_large_image\" \/>\n<meta name=\"twitter:label1\" content=\"Tiempo de lectura\" \/>\n\t<meta name=\"twitter:data1\" content=\"1 minuto\" \/>\n<script type=\"application\/ld+json\" class=\"yoast-schema-graph\">{\"@context\":\"https:\/\/schema.org\",\"@graph\":[{\"@type\":\"WebPage\",\"@id\":\"https:\/\/jupitersport.cat\/es\/app\/\",\"url\":\"https:\/\/jupitersport.cat\/es\/app\/\",\"name\":\"Nueva app CET10 J\u00fapiter: \u00a1tu gimnasio en el bolsillo!\",\"isPartOf\":{\"@id\":\"https:\/\/jupitersport.cat\/es\/#website\"},\"primaryImageOfPage\":{\"@id\":\"https:\/\/jupitersport.cat\/es\/app\/#primaryimage\"},\"image\":{\"@id\":\"https:\/\/jupitersport.cat\/es\/app\/#primaryimage\"},\"thumbnailUrl\":\"https:\/\/jupitersport.cat\/wp-content\/uploads\/sites\/33\/elementor\/thumbs\/app-mobil-app-store-malilla-rb96cnpvc34h627q7fmjf3mohutacci1xgiloik120.jpg\",\"datePublished\":\"2025-09-04T09:34:21+00:00\",\"dateModified\":\"2025-09-18T10:56:09+00:00\",\"description\":\"Desc\u00e1rgate nuestra app para llevar el CEM J\u00fapiter en el bolsillo: reserva de clases, entrenamientos, gimnasio online y \u00a1mucho m\u00e1s!\",\"breadcrumb\":{\"@id\":\"https:\/\/jupitersport.cat\/es\/app\/#breadcrumb\"},\"inLanguage\":\"es\",\"potentialAction\":[{\"@type\":\"ReadAction\",\"target\":[\"https:\/\/jupitersport.cat\/es\/app\/\"]}]},{\"@type\":\"ImageObject\",\"inLanguage\":\"es\",\"@id\":\"https:\/\/jupitersport.cat\/es\/app\/#primaryimage\",\"url\":\"https:\/\/jupitersport.cat\/wp-content\/uploads\/sites\/33\/elementor\/thumbs\/app-mobil-app-store-malilla-rb96cnpvc34h627q7fmjf3mohutacci1xgiloik120.jpg\",\"contentUrl\":\"https:\/\/jupitersport.cat\/wp-content\/uploads\/sites\/33\/elementor\/thumbs\/app-mobil-app-store-malilla-rb96cnpvc34h627q7fmjf3mohutacci1xgiloik120.jpg\"},{\"@type\":\"BreadcrumbList\",\"@id\":\"https:\/\/jupitersport.cat\/es\/app\/#breadcrumb\",\"itemListElement\":[{\"@type\":\"ListItem\",\"position\":1,\"name\":\"Portada\",\"item\":\"https:\/\/jupitersport.cat\/es\/\"},{\"@type\":\"ListItem\",\"position\":2,\"name\":\"APP &#8211; CEM J\u00fapiter\"}]},{\"@type\":\"WebSite\",\"@id\":\"https:\/\/jupitersport.cat\/es\/#website\",\"url\":\"https:\/\/jupitersport.cat\/es\/\",\"name\":\"CEM J\u00fapiter\",\"description\":\"Centre Esportiu Municipal\",\"publisher\":{\"@id\":\"https:\/\/jupitersport.cat\/es\/#organization\"},\"potentialAction\":[{\"@type\":\"SearchAction\",\"target\":{\"@type\":\"EntryPoint\",\"urlTemplate\":\"https:\/\/jupitersport.cat\/es\/?s={search_term_string}\"},\"query-input\":{\"@type\":\"PropertyValueSpecification\",\"valueRequired\":true,\"valueName\":\"search_term_string\"}}],\"inLanguage\":\"es\"},{\"@type\":\"Organization\",\"@id\":\"https:\/\/jupitersport.cat\/es\/#organization\",\"name\":\"CEM J\u00fapiter\",\"url\":\"https:\/\/jupitersport.cat\/es\/\",\"logo\":{\"@type\":\"ImageObject\",\"inLanguage\":\"es\",\"@id\":\"https:\/\/jupitersport.cat\/es\/#\/schema\/logo\/image\/\",\"url\":\"https:\/\/jupitersport.cat\/wp-content\/uploads\/sites\/33\/2018\/11\/logo-jpt-web-petit.gif\",\"contentUrl\":\"https:\/\/jupitersport.cat\/wp-content\/uploads\/sites\/33\/2018\/11\/logo-jpt-web-petit.gif\",\"width\":100,\"height\":100,\"caption\":\"CEM J\u00fapiter\"},\"image\":{\"@id\":\"https:\/\/jupitersport.cat\/es\/#\/schema\/logo\/image\/\"}}]}<\/script>\n<!-- \/ Yoast SEO plugin. -->","yoast_head_json":{"title":"Nueva app CET10 J\u00fapiter: \u00a1tu gimnasio en el bolsillo!","description":"Desc\u00e1rgate nuestra app para llevar el CEM J\u00fapiter en el bolsillo: reserva de clases, entrenamientos, gimnasio online y \u00a1mucho m\u00e1s!","robots":{"index":"index","follow":"follow","max-snippet":"max-snippet:-1","max-image-preview":"max-image-preview:large","max-video-preview":"max-video-preview:-1"},"canonical":"https:\/\/jupitersport.cat\/es\/app\/","og_locale":"es_ES","og_type":"article","og_title":"Nueva app CET10 J\u00fapiter: \u00a1tu gimnasio en el bolsillo!","og_description":"Desc\u00e1rgate nuestra app para llevar el CEM J\u00fapiter en el bolsillo: reserva de clases, entrenamientos, gimnasio online y \u00a1mucho m\u00e1s!","og_url":"https:\/\/jupitersport.cat\/es\/app\/","og_site_name":"CEM J\u00fapiter","article_modified_time":"2025-09-18T10:56:09+00:00","og_image":[{"url":"https:\/\/jupitersport.cat\/wp-content\/uploads\/sites\/33\/elementor\/thumbs\/app-mobil-app-store-malilla-rb96cnpvc34h627q7fmjf3mohutacci1xgiloik120.jpg","type":"","width":"","height":""}],"twitter_card":"summary_large_image","twitter_misc":{"Tiempo de lectura":"1 minuto"},"schema":{"@context":"https:\/\/schema.org","@graph":[{"@type":"WebPage","@id":"https:\/\/jupitersport.cat\/es\/app\/","url":"https:\/\/jupitersport.cat\/es\/app\/","name":"Nueva app CET10 J\u00fapiter: \u00a1tu gimnasio en el bolsillo!","isPartOf":{"@id":"https:\/\/jupitersport.cat\/es\/#website"},"primaryImageOfPage":{"@id":"https:\/\/jupitersport.cat\/es\/app\/#primaryimage"},"image":{"@id":"https:\/\/jupitersport.cat\/es\/app\/#primaryimage"},"thumbnailUrl":"https:\/\/jupitersport.cat\/wp-content\/uploads\/sites\/33\/elementor\/thumbs\/app-mobil-app-store-malilla-rb96cnpvc34h627q7fmjf3mohutacci1xgiloik120.jpg","datePublished":"2025-09-04T09:34:21+00:00","dateModified":"2025-09-18T10:56:09+00:00","description":"Desc\u00e1rgate nuestra app para llevar el CEM J\u00fapiter en el bolsillo: reserva de clases, entrenamientos, gimnasio online y \u00a1mucho m\u00e1s!","breadcrumb":{"@id":"https:\/\/jupitersport.cat\/es\/app\/#breadcrumb"},"inLanguage":"es","potentialAction":[{"@type":"ReadAction","target":["https:\/\/jupitersport.cat\/es\/app\/"]}]},{"@type":"ImageObject","inLanguage":"es","@id":"https:\/\/jupitersport.cat\/es\/app\/#primaryimage","url":"https:\/\/jupitersport.cat\/wp-content\/uploads\/sites\/33\/elementor\/thumbs\/app-mobil-app-store-malilla-rb96cnpvc34h627q7fmjf3mohutacci1xgiloik120.jpg","contentUrl":"https:\/\/jupitersport.cat\/wp-content\/uploads\/sites\/33\/elementor\/thumbs\/app-mobil-app-store-malilla-rb96cnpvc34h627q7fmjf3mohutacci1xgiloik120.jpg"},{"@type":"BreadcrumbList","@id":"https:\/\/jupitersport.cat\/es\/app\/#breadcrumb","itemListElement":[{"@type":"ListItem","position":1,"name":"Portada","item":"https:\/\/jupitersport.cat\/es\/"},{"@type":"ListItem","position":2,"name":"APP &#8211; CEM J\u00fapiter"}]},{"@type":"WebSite","@id":"https:\/\/jupitersport.cat\/es\/#website","url":"https:\/\/jupitersport.cat\/es\/","name":"CEM J\u00fapiter","description":"Centre Esportiu Municipal","publisher":{"@id":"https:\/\/jupitersport.cat\/es\/#organization"},"potentialAction":[{"@type":"SearchAction","target":{"@type":"EntryPoint","urlTemplate":"https:\/\/jupitersport.cat\/es\/?s={search_term_string}"},"query-input":{"@type":"PropertyValueSpecification","valueRequired":true,"valueName":"search_term_string"}}],"inLanguage":"es"},{"@type":"Organization","@id":"https:\/\/jupitersport.cat\/es\/#organization","name":"CEM J\u00fapiter","url":"https:\/\/jupitersport.cat\/es\/","logo":{"@type":"ImageObject","inLanguage":"es","@id":"https:\/\/jupitersport.cat\/es\/#\/schema\/logo\/image\/","url":"https:\/\/jupitersport.cat\/wp-content\/uploads\/sites\/33\/2018\/11\/logo-jpt-web-petit.gif","contentUrl":"https:\/\/jupitersport.cat\/wp-content\/uploads\/sites\/33\/2018\/11\/logo-jpt-web-petit.gif","width":100,"height":100,"caption":"CEM J\u00fapiter"},"image":{"@id":"https:\/\/jupitersport.cat\/es\/#\/schema\/logo\/image\/"}}]}},"_links":{"self":[{"href":"https:\/\/jupitersport.cat\/es\/wp-json\/wp\/v2\/pages\/127531","targetHints":{"allow":["GET"]}}],"collection":[{"href":"https:\/\/jupitersport.cat\/es\/wp-json\/wp\/v2\/pages"}],"about":[{"href":"https:\/\/jupitersport.cat\/es\/wp-json\/wp\/v2\/types\/page"}],"author":[{"embeddable":true,"href":"https:\/\/jupitersport.cat\/es\/wp-json\/wp\/v2\/users\/88"}],"replies":[{"embeddable":true,"href":"https:\/\/jupitersport.cat\/es\/wp-json\/wp\/v2\/comments?post=127531"}],"version-history":[{"count":0,"href":"https:\/\/jupitersport.cat\/es\/wp-json\/wp\/v2\/pages\/127531\/revisions"}],"wp:attachment":[{"href":"https:\/\/jupitersport.cat\/es\/wp-json\/wp\/v2\/media?parent=127531"}],"curies":[{"name":"wp","href":"https:\/\/api.w.org\/{rel}","templated":true}]}}