{"id":128307,"date":"2025-11-07T12:19:36","date_gmt":"2025-11-07T11:19:36","guid":{"rendered":"https:\/\/jupitersport.cat\/?page_id=128307"},"modified":"2026-03-20T09:49:52","modified_gmt":"2026-03-20T08:49:52","slug":"mapa-del-sitio","status":"publish","type":"page","link":"https:\/\/jupitersport.cat\/es\/mapa-del-sitio\/","title":{"rendered":"Mapa del sitio"},"content":{"rendered":"\t\t<div data-elementor-type=\"wp-page\" data-elementor-id=\"128307\" class=\"elementor elementor-128307 elementor-128278\" data-elementor-post-type=\"page\">\n\t\t\t\t<div class=\"elementor-element elementor-element-6c80fdc6 e-flex e-con-boxed e-con e-parent\" data-id=\"6c80fdc6\" data-element_type=\"container\" data-e-type=\"container\">\n\t\t\t\t\t<div class=\"e-con-inner\">\n\t\t\t\t<div class=\"elementor-element elementor-element-53141908 elementor-widget elementor-widget-heading\" data-id=\"53141908\" data-element_type=\"widget\" data-e-type=\"widget\" data-widget_type=\"heading.default\">\n\t\t\t\t<div class=\"elementor-widget-container\">\n\t\t\t\t\t<h1 class=\"elementor-heading-title elementor-size-default\">Mapa del sitio<\/h1>\t\t\t\t<\/div>\n\t\t\t\t<\/div>\n\t\t\t\t<div class=\"elementor-element elementor-element-1a4c5896 elementor-widget-divider--view-line elementor-widget elementor-widget-divider\" data-id=\"1a4c5896\" data-element_type=\"widget\" data-e-type=\"widget\" data-widget_type=\"divider.default\">\n\t\t\t\t<div class=\"elementor-widget-container\">\n\t\t\t\t\t\t\t<div class=\"elementor-divider\">\n\t\t\t<span class=\"elementor-divider-separator\">\n\t\t\t\t\t\t<\/span>\n\t\t<\/div>\n\t\t\t\t\t\t<\/div>\n\t\t\t\t<\/div>\n\t\t\t\t\t<\/div>\n\t\t\t\t<\/div>\n\t\t<div class=\"elementor-element elementor-element-7d89d4fe e-flex e-con-boxed e-con e-parent\" data-id=\"7d89d4fe\" data-element_type=\"container\" data-e-type=\"container\" data-settings=\"{&quot;background_background&quot;:&quot;classic&quot;}\">\n\t\t\t\t\t<div class=\"e-con-inner\">\n\t\t<div class=\"elementor-element elementor-element-7b138c01 e-con-full e-flex e-con e-child\" data-id=\"7b138c01\" data-element_type=\"container\" data-e-type=\"container\">\n\t\t\t\t<div class=\"elementor-element elementor-element-2b8e2063 elementor-widget elementor-widget-text-editor\" data-id=\"2b8e2063\" data-element_type=\"widget\" data-e-type=\"widget\" data-widget_type=\"text-editor.default\">\n\t\t\t\t<div class=\"elementor-widget-container\">\n\t\t\t\t\t\t\t\t\t<p><a href=\"https:\/\/jupitersport.cat\/es\/\">Inicio<\/a><\/p><p><a href=\"https:\/\/jupitersport.cat\/es\/actividades-dirigidas\/\">Actividades dirigidas<\/a><\/p><p><a href=\"https:\/\/jupitersport.cat\/es\/actividades-extraescolares\/\">Actividades extraescolares<\/a><\/p><p><a href=\"https:\/\/jupitersport.cat\/es\/app\/\">App CEM J\u00fapiter<\/a><\/p><p><a href=\"https:\/\/jupitersport.cat\/es\/area-de-clientes\/\">\u00c1rea de clientes<\/a><\/p><p><a href=\"https:\/\/jupitersport.cat\/avis-legal\/\">Aviso legal<\/a><\/p>\t\t\t\t\t\t\t\t<\/div>\n\t\t\t\t<\/div>\n\t\t\t\t<\/div>\n\t\t<div class=\"elementor-element elementor-element-4dbe0877 e-con-full e-flex e-con e-child\" data-id=\"4dbe0877\" data-element_type=\"container\" data-e-type=\"container\">\n\t\t\t\t<div class=\"elementor-element elementor-element-2d117f70 elementor-widget elementor-widget-text-editor\" data-id=\"2d117f70\" data-element_type=\"widget\" data-e-type=\"widget\" data-widget_type=\"text-editor.default\">\n\t\t\t\t<div class=\"elementor-widget-container\">\n\t\t\t\t\t\t\t\t\t<p><a href=\"https:\/\/jupitersport.cat\/es\/club-natacion-adultos\/\">Clases particulares de nataci\u00f3n<\/a><\/p><p><a href=\"https:\/\/jupitersport.cat\/es\/conocenos\/\">Con\u00f3cenos<\/a><\/p><p><a href=\"https:\/\/jupitersport.cat\/es\/contacto\/\">Contacto<\/a><\/p><p><a href=\"https:\/\/jupitersport.cat\/es\/equipo\/\">Equipo<\/a><\/p><p><a href=\"https:\/\/jupitersport.cat\/es\/entrenador-personal\/\">Entrenador personal<\/a><\/p><p><a href=\"https:\/\/jupitersport.cat\/es\/fiesta-cumpleanos\/\">Fiestas cumplea\u00f1os<\/a><\/p>\t\t\t\t\t\t\t\t<\/div>\n\t\t\t\t<\/div>\n\t\t\t\t<\/div>\n\t\t<div class=\"elementor-element elementor-element-187a6891 e-con-full e-flex e-con e-child\" data-id=\"187a6891\" data-element_type=\"container\" data-e-type=\"container\">\n\t\t\t\t<div class=\"elementor-element elementor-element-18244d80 elementor-widget elementor-widget-text-editor\" data-id=\"18244d80\" data-element_type=\"widget\" data-e-type=\"widget\" data-widget_type=\"text-editor.default\">\n\t\t\t\t<div class=\"elementor-widget-container\">\n\t\t\t\t\t\t\t\t\t<p><a href=\"https:\/\/jupitersport.cat\/es\/politica-de-cookies\/\">Pol\u00edtica de cookies<\/a><\/p><p><a href=\"https:\/\/jupitersport.cat\/es\/politica-privacidad\/\">Pol\u00edtica de privacidad<\/a><\/p><p><a href=\"https:\/\/jupitersport.cat\/politica-de-vendes-i-devolucions\/\">Pol\u00edtica de ventas y devoluciones<\/a><\/p><p><a href=\"https:\/\/jupitersport.cat\/es\/cet10-pass\/\">Cuota CET10 Pass<\/a><\/p><p><a href=\"https:\/\/jupitersport.cat\/es\/trabaja-con-nosotros\/\">Trabaja con nosotros<\/a><\/p><p>\u00a0<\/p>\t\t\t\t\t\t\t\t<\/div>\n\t\t\t\t<\/div>\n\t\t\t\t<\/div>\n\t\t\t\t\t<\/div>\n\t\t\t\t<\/div>\n\t\t\t\t<\/div>\n\t\t","protected":false},"excerpt":{"rendered":"<p>Mapa del sitio Inicio Actividades dirigidas Actividades extraescolares App CEM J\u00fapiter \u00c1rea de clientes Aviso legal Clases particulares de nataci\u00f3n Con\u00f3cenos Contacto Equipo Entrenador personal Fiestas cumplea\u00f1os Pol\u00edtica de cookies Pol\u00edtica de privacidad Pol\u00edtica de ventas y devoluciones Cuota CET10 Pass Trabaja con nosotros \u00a0<\/p>\n","protected":false},"author":88,"featured_media":0,"parent":0,"menu_order":0,"comment_status":"closed","ping_status":"closed","template":"","meta":{"footnotes":""},"class_list":["post-128307","page","type-page","status-publish","hentry"],"yoast_head":"<!-- This site is optimized with the Yoast SEO plugin v26.8 - https:\/\/yoast.com\/product\/yoast-seo-wordpress\/ -->\n<title>Mapa del sitio - CEM J\u00fapiter<\/title>\n<meta name=\"description\" content=\"En esta p\u00e1gina encontrar\u00e1s el mapa del sitio web del Centre Esportiu Municipal J\u00fapiter. Accede a cualquier p\u00e1gina de manera f\u00e1cil y sencilla.\" \/>\n<meta name=\"robots\" content=\"noindex, nofollow\" \/>\n<meta property=\"og:locale\" content=\"es_ES\" \/>\n<meta property=\"og:type\" content=\"article\" \/>\n<meta property=\"og:title\" content=\"Mapa del sitio - CEM J\u00fapiter\" \/>\n<meta property=\"og:description\" content=\"En esta p\u00e1gina encontrar\u00e1s el mapa del sitio web del Centre Esportiu Municipal J\u00fapiter. Accede a cualquier p\u00e1gina de manera f\u00e1cil y sencilla.\" \/>\n<meta property=\"og:url\" content=\"https:\/\/jupitersport.cat\/es\/mapa-del-sitio\/\" \/>\n<meta property=\"og:site_name\" content=\"CEM J\u00fapiter\" \/>\n<meta property=\"article:modified_time\" content=\"2026-03-20T08:49:52+00:00\" \/>\n<meta name=\"twitter:card\" content=\"summary_large_image\" \/>\n<script type=\"application\/ld+json\" class=\"yoast-schema-graph\">{\"@context\":\"https:\/\/schema.org\",\"@graph\":[{\"@type\":\"WebPage\",\"@id\":\"https:\/\/jupitersport.cat\/es\/mapa-del-sitio\/\",\"url\":\"https:\/\/jupitersport.cat\/es\/mapa-del-sitio\/\",\"name\":\"Mapa del sitio - CEM J\u00fapiter\",\"isPartOf\":{\"@id\":\"https:\/\/jupitersport.cat\/es\/#website\"},\"datePublished\":\"2025-11-07T11:19:36+00:00\",\"dateModified\":\"2026-03-20T08:49:52+00:00\",\"description\":\"En esta p\u00e1gina encontrar\u00e1s el mapa del sitio web del Centre Esportiu Municipal J\u00fapiter. Accede a cualquier p\u00e1gina de manera f\u00e1cil y sencilla.\",\"breadcrumb\":{\"@id\":\"https:\/\/jupitersport.cat\/es\/mapa-del-sitio\/#breadcrumb\"},\"inLanguage\":\"es\",\"potentialAction\":[{\"@type\":\"ReadAction\",\"target\":[\"https:\/\/jupitersport.cat\/es\/mapa-del-sitio\/\"]}]},{\"@type\":\"BreadcrumbList\",\"@id\":\"https:\/\/jupitersport.cat\/es\/mapa-del-sitio\/#breadcrumb\",\"itemListElement\":[{\"@type\":\"ListItem\",\"position\":1,\"name\":\"Portada\",\"item\":\"https:\/\/jupitersport.cat\/es\/\"},{\"@type\":\"ListItem\",\"position\":2,\"name\":\"Mapa del sitio\"}]},{\"@type\":\"WebSite\",\"@id\":\"https:\/\/jupitersport.cat\/es\/#website\",\"url\":\"https:\/\/jupitersport.cat\/es\/\",\"name\":\"CEM J\u00fapiter\",\"description\":\"Centre Esportiu Municipal\",\"publisher\":{\"@id\":\"https:\/\/jupitersport.cat\/es\/#organization\"},\"potentialAction\":[{\"@type\":\"SearchAction\",\"target\":{\"@type\":\"EntryPoint\",\"urlTemplate\":\"https:\/\/jupitersport.cat\/es\/?s={search_term_string}\"},\"query-input\":{\"@type\":\"PropertyValueSpecification\",\"valueRequired\":true,\"valueName\":\"search_term_string\"}}],\"inLanguage\":\"es\"},{\"@type\":\"Organization\",\"@id\":\"https:\/\/jupitersport.cat\/es\/#organization\",\"name\":\"CEM J\u00fapiter\",\"url\":\"https:\/\/jupitersport.cat\/es\/\",\"logo\":{\"@type\":\"ImageObject\",\"inLanguage\":\"es\",\"@id\":\"https:\/\/jupitersport.cat\/es\/#\/schema\/logo\/image\/\",\"url\":\"https:\/\/jupitersport.cat\/wp-content\/uploads\/sites\/33\/2018\/11\/logo-jpt-web-petit.gif\",\"contentUrl\":\"https:\/\/jupitersport.cat\/wp-content\/uploads\/sites\/33\/2018\/11\/logo-jpt-web-petit.gif\",\"width\":100,\"height\":100,\"caption\":\"CEM J\u00fapiter\"},\"image\":{\"@id\":\"https:\/\/jupitersport.cat\/es\/#\/schema\/logo\/image\/\"}}]}<\/script>\n<!-- \/ Yoast SEO plugin. -->","yoast_head_json":{"title":"Mapa del sitio - CEM J\u00fapiter","description":"En esta p\u00e1gina encontrar\u00e1s el mapa del sitio web del Centre Esportiu Municipal J\u00fapiter. Accede a cualquier p\u00e1gina de manera f\u00e1cil y sencilla.","robots":{"index":"noindex","follow":"nofollow"},"og_locale":"es_ES","og_type":"article","og_title":"Mapa del sitio - CEM J\u00fapiter","og_description":"En esta p\u00e1gina encontrar\u00e1s el mapa del sitio web del Centre Esportiu Municipal J\u00fapiter. Accede a cualquier p\u00e1gina de manera f\u00e1cil y sencilla.","og_url":"https:\/\/jupitersport.cat\/es\/mapa-del-sitio\/","og_site_name":"CEM J\u00fapiter","article_modified_time":"2026-03-20T08:49:52+00:00","twitter_card":"summary_large_image","schema":{"@context":"https:\/\/schema.org","@graph":[{"@type":"WebPage","@id":"https:\/\/jupitersport.cat\/es\/mapa-del-sitio\/","url":"https:\/\/jupitersport.cat\/es\/mapa-del-sitio\/","name":"Mapa del sitio - CEM J\u00fapiter","isPartOf":{"@id":"https:\/\/jupitersport.cat\/es\/#website"},"datePublished":"2025-11-07T11:19:36+00:00","dateModified":"2026-03-20T08:49:52+00:00","description":"En esta p\u00e1gina encontrar\u00e1s el mapa del sitio web del Centre Esportiu Municipal J\u00fapiter. Accede a cualquier p\u00e1gina de manera f\u00e1cil y sencilla.","breadcrumb":{"@id":"https:\/\/jupitersport.cat\/es\/mapa-del-sitio\/#breadcrumb"},"inLanguage":"es","potentialAction":[{"@type":"ReadAction","target":["https:\/\/jupitersport.cat\/es\/mapa-del-sitio\/"]}]},{"@type":"BreadcrumbList","@id":"https:\/\/jupitersport.cat\/es\/mapa-del-sitio\/#breadcrumb","itemListElement":[{"@type":"ListItem","position":1,"name":"Portada","item":"https:\/\/jupitersport.cat\/es\/"},{"@type":"ListItem","position":2,"name":"Mapa del sitio"}]},{"@type":"WebSite","@id":"https:\/\/jupitersport.cat\/es\/#website","url":"https:\/\/jupitersport.cat\/es\/","name":"CEM J\u00fapiter","description":"Centre Esportiu Municipal","publisher":{"@id":"https:\/\/jupitersport.cat\/es\/#organization"},"potentialAction":[{"@type":"SearchAction","target":{"@type":"EntryPoint","urlTemplate":"https:\/\/jupitersport.cat\/es\/?s={search_term_string}"},"query-input":{"@type":"PropertyValueSpecification","valueRequired":true,"valueName":"search_term_string"}}],"inLanguage":"es"},{"@type":"Organization","@id":"https:\/\/jupitersport.cat\/es\/#organization","name":"CEM J\u00fapiter","url":"https:\/\/jupitersport.cat\/es\/","logo":{"@type":"ImageObject","inLanguage":"es","@id":"https:\/\/jupitersport.cat\/es\/#\/schema\/logo\/image\/","url":"https:\/\/jupitersport.cat\/wp-content\/uploads\/sites\/33\/2018\/11\/logo-jpt-web-petit.gif","contentUrl":"https:\/\/jupitersport.cat\/wp-content\/uploads\/sites\/33\/2018\/11\/logo-jpt-web-petit.gif","width":100,"height":100,"caption":"CEM J\u00fapiter"},"image":{"@id":"https:\/\/jupitersport.cat\/es\/#\/schema\/logo\/image\/"}}]}},"_links":{"self":[{"href":"https:\/\/jupitersport.cat\/es\/wp-json\/wp\/v2\/pages\/128307","targetHints":{"allow":["GET"]}}],"collection":[{"href":"https:\/\/jupitersport.cat\/es\/wp-json\/wp\/v2\/pages"}],"about":[{"href":"https:\/\/jupitersport.cat\/es\/wp-json\/wp\/v2\/types\/page"}],"author":[{"embeddable":true,"href":"https:\/\/jupitersport.cat\/es\/wp-json\/wp\/v2\/users\/88"}],"replies":[{"embeddable":true,"href":"https:\/\/jupitersport.cat\/es\/wp-json\/wp\/v2\/comments?post=128307"}],"version-history":[{"count":15,"href":"https:\/\/jupitersport.cat\/es\/wp-json\/wp\/v2\/pages\/128307\/revisions"}],"predecessor-version":[{"id":129881,"href":"https:\/\/jupitersport.cat\/es\/wp-json\/wp\/v2\/pages\/128307\/revisions\/129881"}],"wp:attachment":[{"href":"https:\/\/jupitersport.cat\/es\/wp-json\/wp\/v2\/media?parent=128307"}],"curies":[{"name":"wp","href":"https:\/\/api.w.org\/{rel}","templated":true}]}}