{"id":2131,"date":"2017-11-07T18:55:17","date_gmt":"2017-11-07T18:55:17","guid":{"rendered":"http:\/\/jupitersport.cet10.com\/area-de-clients\/"},"modified":"2026-03-20T09:46:22","modified_gmt":"2026-03-20T08:46:22","slug":"area-de-clientes","status":"publish","type":"page","link":"https:\/\/jupitersport.cat\/es\/area-de-clientes\/","title":{"rendered":"\u00c1rea de clientes"},"content":{"rendered":"<div class=\"wpb-content-wrapper\"><p>[vc_row full_width=\u00bbstretch_row_content_no_spaces\u00bb css=\u00bb.vc_custom_1693999325827{background-image: url(https:\/\/jupitersport.cat\/wp-content\/uploads\/sites\/33\/2023\/09\/JPT-area-clients.webp?id=15048) !important;background-position: center !important;background-repeat: no-repeat !important;background-size: cover !important;}\u00bb][vc_column offset=\u00bbvc_hidden-lg vc_hidden-md vc_hidden-sm\u00bb css=\u00bb.vc_custom_1678193107420{margin-bottom: -10px !important;}\u00bb][vc_column_text css=\u00bb.vc_custom_1693999394744{padding-top: 68px !important;padding-bottom: 68px !important;}\u00bb]<\/p>\n<p style=\"text-align: center; font-family: Roboto; font-size: 35px; line-height: 40px;\"><span style=\"color: #ffffff;\"><strong>\u00c1rea cliente: realiza tus<br \/>\ngestiones online<\/strong><\/span><\/p>\n<p>[\/vc_column_text][\/vc_column][\/vc_row][vc_row full_width=\u00bbstretch_row_content_no_spaces\u00bb css=\u00bb.vc_custom_1693999337624{background-image: url(https:\/\/jupitersport.cat\/wp-content\/uploads\/sites\/33\/2023\/09\/JPT-area-clients.webp?id=15048) !important;background-position: center !important;background-repeat: no-repeat !important;background-size: cover !important;}\u00bb][vc_column offset=\u00bbvc_hidden-xs\u00bb][vc_custom_heading text=\u00bb\u00c1rea cliente: realiza tus gestiones online\u00bb font_container=\u00bbtag:h1|font_size:50px|text_align:center|color:%23ffffff|line_height:60px\u00bb use_theme_fonts=\u00bbyes\u00bb css=\u00bb.vc_custom_1693999409399{padding-top: 151px !important;padding-bottom: 160px !important;}\u00bb][\/vc_column][\/vc_row][vc_row][vc_column width=\u00bb1\/2&#8243;][vc_custom_heading text=\u00bbBienvenido\/a a a tu zona personal\u00bb use_theme_fonts=\u00bbyes\u00bb][vc_column_text css=\u00bb.vc_custom_1674032343812{margin-bottom: 25px !important;}\u00bb]Entra con tu usuario y contrase\u00f1a para gestionar tus tr\u00e1mites o date de alta como nuevo usuario para apuntarte en el centro.<\/p>\n<p>Para una buena navegaci\u00f3n, os recomendamos utilizar el navegador\u00a0<strong><a href=\"http:\/\/www.google.com\/chrome\/\" target=\"_blank\" rel=\"noopener\">Google Chrome<\/a><\/strong>[\/vc_column_text][vc_column_text]<\/p>\n<div class=\"inner\">\n<div class=\"left-column\">\n<div class=\"brcm-pagina-region\">\n<div class=\"brcm-pagina-element\">\n<div class=\"brcm-generic-element-with-images-on-the-right\">\n<div class=\"brcm-body\">\n<p>A trav\u00e9s del \u00e1rea de clientes podr\u00e1s acceder online<br \/>\na tu perfil de abonado\/da del\u00a0<strong>CEM\u00a0J\u00daPITER<\/strong> y:<\/div>\n<\/div>\n<\/div>\n<\/div>\n<\/div>\n<\/div>\n<p>[\/vc_column_text]<div class=\"standard-arrow list-divider bullet-top\"><ul>\n<li>Consultar y modificar todos tus datos personales y de contacto<\/li>\n<li>Revisar tus recibos y tipolog\u00eda de abono<\/li>\n<li>Inscribirte a las actividades infantiles y\/o cursillos<\/li>\n<li>\u00a1Y mucho m\u00e1s!<\/li>\n<\/ul>\n<\/div>[vc_column_text]\u00bfTienes alguna duda?<\/p>\n<p>Puedes preguntarnos en la\u00a0<a href=\"https:\/\/jupitersport.cat\/es\/contacto\/\"><strong>recepci\u00f3n del centro<\/strong><\/a>, llamarnos\u00a0al tel\u00e9fono 93 314 88 20 o enviarnos un correo electr\u00f3nico a<strong>\u00a0<span class=\"hiddenSpellError\"><a href=\"mailto:info@jupitersport.cat\">info@jupitersport.cat<\/a><\/span><\/strong>[\/vc_column_text][\/vc_column][vc_column width=\u00bb1\/2&#8243;][vc_row_inner][vc_column_inner]<style type=\"text\/css\" data-type=\"the7_shortcodes-inline-css\">#default-btn-2eca586f07b191d4b3bc2920abf98dde {\n  border-radius: 50px;\n  font-size: 15px;\n  line-height: 17px;\n}\n.btn-shadow#default-btn-2eca586f07b191d4b3bc2920abf98dde {\n  box-shadow: 0 1px 6px rgba(0,0,0,0.12);\n  transition: box-shadow 0.2s ease-out, opacity 0.45s;\n}\n.btn-shadow#default-btn-2eca586f07b191d4b3bc2920abf98dde:hover {\n  box-shadow: 0 5px 11px 0 rgba(0,0,0,0.18), 0 4px 15px 0 rgba(0,0,0,0.15);\n}\n.btn-3d#default-btn-2eca586f07b191d4b3bc2920abf98dde {\n  box-shadow: 0px 2px 0px 0px #ae7013;\n}\n.btn-3d#default-btn-2eca586f07b191d4b3bc2920abf98dde:hover {\n  box-shadow: 0px 2px 0px 0px #9e6112;\n}\n.btn-flat#default-btn-2eca586f07b191d4b3bc2920abf98dde {\n  box-shadow: none;\n}\n.btn-flat#default-btn-2eca586f07b191d4b3bc2920abf98dde:hover {\n  box-shadow: none;\n}\n#default-btn-2eca586f07b191d4b3bc2920abf98dde.ico-right-side > i {\n  margin-right: 0px;\n  margin-left: 8px;\n}\n#default-btn-2eca586f07b191d4b3bc2920abf98dde > i {\n  margin-right: 8px;\n  font-size: 12px;\n}\n#default-btn-2eca586f07b191d4b3bc2920abf98dde:not(:hover) {\n  border-width: 0px;\n  color: #000000;\n  background: #ff9900 !important;\n  padding: 15px 18px 15px 18px;\n}\n#default-btn-2eca586f07b191d4b3bc2920abf98dde:not(:hover) * {\n  color: #000000;\n}\n#default-btn-2eca586f07b191d4b3bc2920abf98dde:hover {\n  border-width: 0px;\n  color: #000000;\n  background: #ed8600 !important;\n  padding: 15px 18px 15px 18px;\n}\n#default-btn-2eca586f07b191d4b3bc2920abf98dde:hover * {\n  color: #000000;\n}\n#default-btn-2eca586f07b191d4b3bc2920abf98dde.ico-right-side > i {\n  margin-right: 0px;\n  margin-left: 8px;\n}\n#default-btn-2eca586f07b191d4b3bc2920abf98dde > i {\n  margin-right: 8px;\n}<\/style><div class=\"btn-align-center\"><a href=\"https:\/\/cet10jupiter.deporsite.net\/alta-abonados\" class=\"default-btn-shortcode dt-btn link-hover-off btn-flat  vc_custom_1773996357656\" id=\"default-btn-2eca586f07b191d4b3bc2920abf98dde\" style=\"width:550px;\"><span>DATE DE ALTA ONLINE<\/span><\/a><\/div>[\/vc_column_inner][\/vc_row_inner][vc_row_inner][vc_column_inner]<style type=\"text\/css\" data-type=\"the7_shortcodes-inline-css\">#default-btn-9451f6e2b20e863a4f507dba83c214c3 {\n  border-radius: 50px;\n  font-size: 15px;\n  line-height: 17px;\n}\n.btn-shadow#default-btn-9451f6e2b20e863a4f507dba83c214c3 {\n  box-shadow: 0 1px 6px rgba(0,0,0,0.12);\n  transition: box-shadow 0.2s ease-out, opacity 0.45s;\n}\n.btn-shadow#default-btn-9451f6e2b20e863a4f507dba83c214c3:hover {\n  box-shadow: 0 5px 11px 0 rgba(0,0,0,0.18), 0 4px 15px 0 rgba(0,0,0,0.15);\n}\n.btn-3d#default-btn-9451f6e2b20e863a4f507dba83c214c3 {\n  box-shadow: 0px 2px 0px 0px #107194;\n}\n.btn-3d#default-btn-9451f6e2b20e863a4f507dba83c214c3:hover {\n  box-shadow: 0px 2px 0px 0px #105294;\n}\n.btn-flat#default-btn-9451f6e2b20e863a4f507dba83c214c3 {\n  box-shadow: none;\n}\n.btn-flat#default-btn-9451f6e2b20e863a4f507dba83c214c3:hover {\n  box-shadow: none;\n}\n#default-btn-9451f6e2b20e863a4f507dba83c214c3.ico-right-side > i {\n  margin-right: 0px;\n  margin-left: 8px;\n}\n#default-btn-9451f6e2b20e863a4f507dba83c214c3 > i {\n  margin-right: 8px;\n  font-size: 12px;\n}\n#default-btn-9451f6e2b20e863a4f507dba83c214c3:not(:hover) {\n  border-width: 0px;\n  color: #000000;\n  background: #00a6e2 !important;\n  padding: 15px 18px 15px 18px;\n}\n#default-btn-9451f6e2b20e863a4f507dba83c214c3:not(:hover) * {\n  color: #000000;\n}\n#default-btn-9451f6e2b20e863a4f507dba83c214c3:hover {\n  border-width: 0px;\n  color: #000000;\n  background: #0071e2 !important;\n  padding: 15px 18px 15px 18px;\n}\n#default-btn-9451f6e2b20e863a4f507dba83c214c3:hover * {\n  color: #000000;\n}\n#default-btn-9451f6e2b20e863a4f507dba83c214c3.ico-right-side > i {\n  margin-right: 0px;\n  margin-left: 8px;\n}\n#default-btn-9451f6e2b20e863a4f507dba83c214c3 > i {\n  margin-right: 8px;\n}<\/style><div class=\"btn-align-center\"><a href=\"https:\/\/cet10jupiter.deporsite.net\/\" class=\"default-btn-shortcode dt-btn link-hover-off btn-flat  vc_custom_1773996373401\" id=\"default-btn-9451f6e2b20e863a4f507dba83c214c3\" style=\"width:550px;\"><span>\u00c1REA DE CLIENTES<\/span><\/a><\/div>[\/vc_column_inner][\/vc_row_inner][vc_single_image image=\u00bb1477&#8243; img_size=\u00bbfull\u00bb][\/vc_column][\/vc_row][vc_row][vc_column][vc_raw_html]JTNDYSUyMGhyZWYlM0QlMjJodHRwcyUzQSUyRiUyRndhLm1lJTJGMzQ2NTY4NDU1MzclM0YlMjIlMjBjbGFzcyUzRCUyMmZsb2F0LXdhJTIyJTIwdGFyZ2V0JTNEJTIyX2JsYW5rJTIyJTNFJTBBJTIwJTIwJTIwJTIwJTNDaSUyMGNsYXNzJTNEJTIyZmElMjBmYS13aGF0c2FwcCUyMiUyMHN0eWxlJTNEJTIybWFyZ2luLXRvcCUzQTE2cHglM0IlMjIlM0UlM0MlMkZpJTNFJTBBJTNDJTJGYSUzRSUwQSUwQQ==[\/vc_raw_html][\/vc_column][\/vc_row]<\/p>\n<\/div>","protected":false},"excerpt":{"rendered":"<p>[vc_row full_width=\u00bbstretch_row_content_no_spaces\u00bb css=\u00bb.vc_custom_1693999325827{background-image: url(https:\/\/jupitersport.cat\/wp-content\/uploads\/sites\/33\/2023\/09\/JPT-area-clients.webp?id=15048) !important;background-position: center !important;background-repeat: no-repeat !important;background-size: cover !important;}\u00bb][vc_column offset=\u00bbvc_hidden-lg vc_hidden-md vc_hidden-sm\u00bb css=\u00bb.vc_custom_1678193107420{margin-bottom: -10px !important;}\u00bb][vc_column_text css=\u00bb.vc_custom_1693999394744{padding-top: 68px !important;padding-bottom: 68px !important;}\u00bb] \u00c1rea cliente: realiza tus gestiones online [\/vc_column_text][\/vc_column][\/vc_row][vc_row full_width=\u00bbstretch_row_content_no_spaces\u00bb css=\u00bb.vc_custom_1693999337624{background-image: url(https:\/\/jupitersport.cat\/wp-content\/uploads\/sites\/33\/2023\/09\/JPT-area-clients.webp?id=15048) !important;background-position: center !important;background-repeat: no-repeat !important;background-size: cover !important;}\u00bb][vc_column offset=\u00bbvc_hidden-xs\u00bb][vc_custom_heading text=\u00bb\u00c1rea cliente: realiza tus gestiones online\u00bb font_container=\u00bbtag:h1|font_size:50px|text_align:center|color:%23ffffff|line_height:60px\u00bb use_theme_fonts=\u00bbyes\u00bb css=\u00bb.vc_custom_1693999409399{padding-top: 151px !important;padding-bottom: 160px !important;}\u00bb][\/vc_column][\/vc_row][vc_row][vc_column width=\u00bb1\/2&#8243;][vc_custom_heading text=\u00bbBienvenido\/a&hellip;<\/p>\n","protected":false},"author":4,"featured_media":0,"parent":0,"menu_order":0,"comment_status":"closed","ping_status":"closed","template":"","meta":{"footnotes":""},"class_list":["post-2131","page","type-page","status-publish","hentry","description-off"],"yoast_head":"<!-- This site is optimized with the Yoast SEO plugin v26.8 - https:\/\/yoast.com\/product\/yoast-seo-wordpress\/ -->\n<title>\u00c1rea de clientes - Date de alta online - CEM J\u00fapiter<\/title>\n<meta name=\"description\" content=\"\u00c1rea de clientes: en tu zona personal podr\u00e1s darte de alta al centro o realizar cualquier de tus tr\u00e1mites como abonado o abonada del CEM J\u00fapiter\" \/>\n<meta name=\"robots\" content=\"index, follow, max-snippet:-1, max-image-preview:large, max-video-preview:-1\" \/>\n<link rel=\"canonical\" href=\"https:\/\/jupitersport.cat\/es\/area-de-clientes\/\" \/>\n<meta property=\"og:locale\" content=\"es_ES\" \/>\n<meta property=\"og:type\" content=\"article\" \/>\n<meta property=\"og:title\" content=\"\u00c1rea de clientes - Date de alta online - CEM J\u00fapiter\" \/>\n<meta property=\"og:description\" content=\"\u00c1rea de clientes: en tu zona personal podr\u00e1s darte de alta al centro o realizar cualquier de tus tr\u00e1mites como abonado o abonada del CEM J\u00fapiter\" \/>\n<meta property=\"og:url\" content=\"https:\/\/jupitersport.cat\/es\/area-de-clientes\/\" \/>\n<meta property=\"og:site_name\" content=\"CEM J\u00fapiter\" \/>\n<meta property=\"article:modified_time\" content=\"2026-03-20T08:46:22+00:00\" \/>\n<meta name=\"twitter:card\" content=\"summary_large_image\" \/>\n<meta name=\"twitter:label1\" content=\"Tiempo de lectura\" \/>\n\t<meta name=\"twitter:data1\" content=\"1 minuto\" \/>\n<script type=\"application\/ld+json\" class=\"yoast-schema-graph\">{\"@context\":\"https:\/\/schema.org\",\"@graph\":[{\"@type\":\"WebPage\",\"@id\":\"https:\/\/jupitersport.cat\/es\/area-de-clientes\/\",\"url\":\"https:\/\/jupitersport.cat\/es\/area-de-clientes\/\",\"name\":\"\u00c1rea de clientes - Date de alta online - CEM J\u00fapiter\",\"isPartOf\":{\"@id\":\"https:\/\/jupitersport.cat\/es\/#website\"},\"datePublished\":\"2017-11-07T18:55:17+00:00\",\"dateModified\":\"2026-03-20T08:46:22+00:00\",\"description\":\"\u00c1rea de clientes: en tu zona personal podr\u00e1s darte de alta al centro o realizar cualquier de tus tr\u00e1mites como abonado o abonada del CEM J\u00fapiter\",\"breadcrumb\":{\"@id\":\"https:\/\/jupitersport.cat\/es\/area-de-clientes\/#breadcrumb\"},\"inLanguage\":\"es\",\"potentialAction\":[{\"@type\":\"ReadAction\",\"target\":[\"https:\/\/jupitersport.cat\/es\/area-de-clientes\/\"]}]},{\"@type\":\"BreadcrumbList\",\"@id\":\"https:\/\/jupitersport.cat\/es\/area-de-clientes\/#breadcrumb\",\"itemListElement\":[{\"@type\":\"ListItem\",\"position\":1,\"name\":\"Portada\",\"item\":\"https:\/\/jupitersport.cat\/es\/\"},{\"@type\":\"ListItem\",\"position\":2,\"name\":\"\u00c1rea de clientes\"}]},{\"@type\":\"WebSite\",\"@id\":\"https:\/\/jupitersport.cat\/es\/#website\",\"url\":\"https:\/\/jupitersport.cat\/es\/\",\"name\":\"CEM J\u00fapiter\",\"description\":\"Centre Esportiu Municipal\",\"publisher\":{\"@id\":\"https:\/\/jupitersport.cat\/es\/#organization\"},\"potentialAction\":[{\"@type\":\"SearchAction\",\"target\":{\"@type\":\"EntryPoint\",\"urlTemplate\":\"https:\/\/jupitersport.cat\/es\/?s={search_term_string}\"},\"query-input\":{\"@type\":\"PropertyValueSpecification\",\"valueRequired\":true,\"valueName\":\"search_term_string\"}}],\"inLanguage\":\"es\"},{\"@type\":\"Organization\",\"@id\":\"https:\/\/jupitersport.cat\/es\/#organization\",\"name\":\"CEM J\u00fapiter\",\"url\":\"https:\/\/jupitersport.cat\/es\/\",\"logo\":{\"@type\":\"ImageObject\",\"inLanguage\":\"es\",\"@id\":\"https:\/\/jupitersport.cat\/es\/#\/schema\/logo\/image\/\",\"url\":\"https:\/\/jupitersport.cat\/wp-content\/uploads\/sites\/33\/2018\/11\/logo-jpt-web-petit.gif\",\"contentUrl\":\"https:\/\/jupitersport.cat\/wp-content\/uploads\/sites\/33\/2018\/11\/logo-jpt-web-petit.gif\",\"width\":100,\"height\":100,\"caption\":\"CEM J\u00fapiter\"},\"image\":{\"@id\":\"https:\/\/jupitersport.cat\/es\/#\/schema\/logo\/image\/\"}}]}<\/script>\n<!-- \/ Yoast SEO plugin. -->","yoast_head_json":{"title":"\u00c1rea de clientes - Date de alta online - CEM J\u00fapiter","description":"\u00c1rea de clientes: en tu zona personal podr\u00e1s darte de alta al centro o realizar cualquier de tus tr\u00e1mites como abonado o abonada del CEM J\u00fapiter","robots":{"index":"index","follow":"follow","max-snippet":"max-snippet:-1","max-image-preview":"max-image-preview:large","max-video-preview":"max-video-preview:-1"},"canonical":"https:\/\/jupitersport.cat\/es\/area-de-clientes\/","og_locale":"es_ES","og_type":"article","og_title":"\u00c1rea de clientes - Date de alta online - CEM J\u00fapiter","og_description":"\u00c1rea de clientes: en tu zona personal podr\u00e1s darte de alta al centro o realizar cualquier de tus tr\u00e1mites como abonado o abonada del CEM J\u00fapiter","og_url":"https:\/\/jupitersport.cat\/es\/area-de-clientes\/","og_site_name":"CEM J\u00fapiter","article_modified_time":"2026-03-20T08:46:22+00:00","twitter_card":"summary_large_image","twitter_misc":{"Tiempo de lectura":"1 minuto"},"schema":{"@context":"https:\/\/schema.org","@graph":[{"@type":"WebPage","@id":"https:\/\/jupitersport.cat\/es\/area-de-clientes\/","url":"https:\/\/jupitersport.cat\/es\/area-de-clientes\/","name":"\u00c1rea de clientes - Date de alta online - CEM J\u00fapiter","isPartOf":{"@id":"https:\/\/jupitersport.cat\/es\/#website"},"datePublished":"2017-11-07T18:55:17+00:00","dateModified":"2026-03-20T08:46:22+00:00","description":"\u00c1rea de clientes: en tu zona personal podr\u00e1s darte de alta al centro o realizar cualquier de tus tr\u00e1mites como abonado o abonada del CEM J\u00fapiter","breadcrumb":{"@id":"https:\/\/jupitersport.cat\/es\/area-de-clientes\/#breadcrumb"},"inLanguage":"es","potentialAction":[{"@type":"ReadAction","target":["https:\/\/jupitersport.cat\/es\/area-de-clientes\/"]}]},{"@type":"BreadcrumbList","@id":"https:\/\/jupitersport.cat\/es\/area-de-clientes\/#breadcrumb","itemListElement":[{"@type":"ListItem","position":1,"name":"Portada","item":"https:\/\/jupitersport.cat\/es\/"},{"@type":"ListItem","position":2,"name":"\u00c1rea de clientes"}]},{"@type":"WebSite","@id":"https:\/\/jupitersport.cat\/es\/#website","url":"https:\/\/jupitersport.cat\/es\/","name":"CEM J\u00fapiter","description":"Centre Esportiu Municipal","publisher":{"@id":"https:\/\/jupitersport.cat\/es\/#organization"},"potentialAction":[{"@type":"SearchAction","target":{"@type":"EntryPoint","urlTemplate":"https:\/\/jupitersport.cat\/es\/?s={search_term_string}"},"query-input":{"@type":"PropertyValueSpecification","valueRequired":true,"valueName":"search_term_string"}}],"inLanguage":"es"},{"@type":"Organization","@id":"https:\/\/jupitersport.cat\/es\/#organization","name":"CEM J\u00fapiter","url":"https:\/\/jupitersport.cat\/es\/","logo":{"@type":"ImageObject","inLanguage":"es","@id":"https:\/\/jupitersport.cat\/es\/#\/schema\/logo\/image\/","url":"https:\/\/jupitersport.cat\/wp-content\/uploads\/sites\/33\/2018\/11\/logo-jpt-web-petit.gif","contentUrl":"https:\/\/jupitersport.cat\/wp-content\/uploads\/sites\/33\/2018\/11\/logo-jpt-web-petit.gif","width":100,"height":100,"caption":"CEM J\u00fapiter"},"image":{"@id":"https:\/\/jupitersport.cat\/es\/#\/schema\/logo\/image\/"}}]}},"_links":{"self":[{"href":"https:\/\/jupitersport.cat\/es\/wp-json\/wp\/v2\/pages\/2131","targetHints":{"allow":["GET"]}}],"collection":[{"href":"https:\/\/jupitersport.cat\/es\/wp-json\/wp\/v2\/pages"}],"about":[{"href":"https:\/\/jupitersport.cat\/es\/wp-json\/wp\/v2\/types\/page"}],"author":[{"embeddable":true,"href":"https:\/\/jupitersport.cat\/es\/wp-json\/wp\/v2\/users\/4"}],"replies":[{"embeddable":true,"href":"https:\/\/jupitersport.cat\/es\/wp-json\/wp\/v2\/comments?post=2131"}],"version-history":[{"count":1,"href":"https:\/\/jupitersport.cat\/es\/wp-json\/wp\/v2\/pages\/2131\/revisions"}],"predecessor-version":[{"id":129867,"href":"https:\/\/jupitersport.cat\/es\/wp-json\/wp\/v2\/pages\/2131\/revisions\/129867"}],"wp:attachment":[{"href":"https:\/\/jupitersport.cat\/es\/wp-json\/wp\/v2\/media?parent=2131"}],"curies":[{"name":"wp","href":"https:\/\/api.w.org\/{rel}","templated":true}]}}